{"id":149,"date":"2023-10-24T09:09:11","date_gmt":"2023-10-24T09:09:11","guid":{"rendered":"https:\/\/home.gutgedimmt.de\/?page_id=149"},"modified":"2024-04-29T08:07:24","modified_gmt":"2024-04-29T08:07:24","slug":"premium-details","status":"publish","type":"page","link":"https:\/\/igt-sl.de\/?page_id=149","title":{"rendered":"Das Smart Home Paket im Detail"},"content":{"rendered":"<div id=\"pl-gb149-69f2947f13f3a\"  class=\"panel-layout\" ><div id=\"pg-gb149-69f2947f13f3a-0\"  class=\"panel-grid panel-no-style\" ><div id=\"pgc-gb149-69f2947f13f3a-0-0\"  class=\"panel-grid-cell\" ><div id=\"panel-gb149-69f2947f13f3a-0-0-0\" class=\"so-panel widget widget_media_image panel-first-child panel-last-child\" data-index=\"0\" ><img fetchpriority=\"high\" decoding=\"async\" width=\"300\" height=\"300\" src=\"https:\/\/igt-sl.de\/wp-content\/uploads\/2024\/04\/Wohnhaus-dunkel-1024x1024-1-300x300.png\" class=\"image wp-image-630  attachment-medium size-medium\" alt=\"\" style=\"max-width: 100%; height: auto;\" srcset=\"https:\/\/igt-sl.de\/wp-content\/uploads\/2024\/04\/Wohnhaus-dunkel-1024x1024-1-300x300.png 300w, https:\/\/igt-sl.de\/wp-content\/uploads\/2024\/04\/Wohnhaus-dunkel-1024x1024-1-150x150.png 150w, https:\/\/igt-sl.de\/wp-content\/uploads\/2024\/04\/Wohnhaus-dunkel-1024x1024-1-768x768.png 768w, https:\/\/igt-sl.de\/wp-content\/uploads\/2024\/04\/Wohnhaus-dunkel-1024x1024-1.png 1025w\" sizes=\"(max-width: 300px) 100vw, 300px\" \/><\/div><\/div><div id=\"pgc-gb149-69f2947f13f3a-0-1\"  class=\"panel-grid-cell\" ><div id=\"panel-gb149-69f2947f13f3a-0-1-0\" class=\"so-panel widget widget_block panel-first-child panel-last-child\" data-index=\"1\" ><b> <font size=\"5em\">Ihr Zuhause soll komfortabel, effizient und <br>sicher sein &#8211; eine gro\u00dfe Rolle kommt dabei der <br> elektrischen Anlage Ihres Domizils zu.<\/font><\/b><\/div><\/div><\/div><div id=\"pg-gb149-69f2947f13f3a-1\"  class=\"panel-grid panel-no-style\" ><div id=\"pgc-gb149-69f2947f13f3a-1-0\"  class=\"panel-grid-cell\" ><div id=\"panel-gb149-69f2947f13f3a-1-0-0\" class=\"so-panel widget widget_block panel-first-child panel-last-child\" data-index=\"2\" ><br><b><font size=\"4em\">Komfort<\/font><\/b><br><font size=\"3em\">Sie verbringen die meiste Zeit Ihres Tages am Schreibtisch, am Esstisch, auf dem Sofa und im Bett. An keinem dieser Orte k\u00f6nnen Sie bequem Ihr Zuhause bedienen. Ein Smart Home nimmt Ihnen viele manuelle Eingriffe entweder komplett ab oder vereinfacht die Steuerung Ihres Hauses sp\u00fcrbar. Ab sofort bedienen Sie alle Lichter, Heizungen, Jalousien\/Rolladen bequem per App, Sprachsteuerung oder Fernbedienung vom Sofa, Esstisch, Bett oder Schreibtisch aus.<\/font><\/div><\/div><div id=\"pgc-gb149-69f2947f13f3a-1-1\"  class=\"panel-grid-cell\" ><div id=\"panel-gb149-69f2947f13f3a-1-1-0\" class=\"so-panel widget widget_block panel-first-child panel-last-child\" data-index=\"3\" ><br> <b><font size=\"4em\">Effizienz<\/font><\/b> <br><font size=\"3em\">Mit den steigenden Energiekosten macht Energiesparen Spa\u00df. Ihr Smart Home nimmt Ihnen viele manuelle Eingriffe per Automatisierung ab: Heizungssteuerung in Abh\u00e4ngigkeit von Anwesenheit, Au\u00dfentemperatur, ge\u00f6ffneten Fenstern \/ Automatische Beschattung an hei\u00dfen Tagen \/ Gedimmtes Licht \/ etc. <\/font><\/div><\/div><div id=\"pgc-gb149-69f2947f13f3a-1-2\"  class=\"panel-grid-cell\" ><div id=\"panel-gb149-69f2947f13f3a-1-2-0\" class=\"so-panel widget widget_block panel-first-child panel-last-child\" data-index=\"4\" ><br> <b><font size=\"4em\">Sicherheit<\/font><\/b> <br> <font size=\"3em\">Sie wollen Ihr Zuhause gegen \u00e4u\u00dfere und innere Einfl\u00fcsse sch\u00fctzen.<br>\n<b>\u00c4u\u00dfere Einfl\u00fcsse:<\/b> <br>Einbrecher: \u00dcberwachungskameras und ein sicheres Zutrittssystem erh\u00f6hen die Sicherheit und das Sicherheitsgef\u00fchl <br> Unwetter: Starker Sturm und Hagel kann ihr Hab und Gut besch\u00e4digen &#8211; Jalousien fahren automatisiert hoch, Sie bekommen eine Benachrichtigung \u00fcber offen stehende (Dach-)Fenster\n<br><b>Innere Gefahren:<\/b> <br>Wasserschaden &#8211; Wassermelder schlagen Alarm sobald die Waschmaschine ein Leck aufweist <br>Von unterwegs pr\u00fcfen Sie ob alle elektrischen Ger\u00e4te ausgeschaltet sind &#8211; falls nein, schalten Sie sie per App aus<\/font>\n<\/div><\/div><\/div><div id=\"pg-gb149-69f2947f13f3a-2\"  class=\"panel-grid panel-no-style\" ><div id=\"pgc-gb149-69f2947f13f3a-2-0\"  class=\"panel-grid-cell\" ><div id=\"panel-gb149-69f2947f13f3a-2-0-0\" class=\"so-panel widget widget_block panel-first-child panel-last-child\" data-index=\"5\" >        <\/div><\/div><\/div><div id=\"pg-gb149-69f2947f13f3a-3\"  class=\"panel-grid panel-no-style\" ><div id=\"pgc-gb149-69f2947f13f3a-3-0\"  class=\"panel-grid-cell\" ><div id=\"panel-gb149-69f2947f13f3a-3-0-0\" class=\"so-panel widget widget_block panel-first-child panel-last-child\" data-index=\"6\" ><div class=\"panel-widget-style panel-widget-style-for-gb149-69f2947f13f3a-3-0-0\" ><b><font size=\"5em\"> <center> Wie wird Komfort, Effizienz und Sicherheit erreicht &#8211; ganz konkret: <\/font><\/b><\/div><\/div><\/div><\/div><\/div>\n\n<div id=\"pl-gb149-69f2947f16848\"  class=\"panel-layout\" ><div id=\"pg-gb149-69f2947f16848-0\"  class=\"panel-grid panel-has-style\" ><div class=\"siteorigin-panels-stretch panel-row-style panel-row-style-for-gb149-69f2947f16848-0\" data-stretch-type=\"full\" ><div id=\"pgc-gb149-69f2947f16848-0-0\"  class=\"panel-grid-cell\" ><div id=\"panel-gb149-69f2947f16848-0-0-0\" class=\"so-panel widget widget_sow-features panel-first-child panel-last-child\" data-index=\"0\" ><div\n\t\t\t\n\t\t\tclass=\"so-widget-sow-features so-widget-sow-features-default-b0acfe4b9eee-149\"\n\t\t\t\n\t\t><ul\n\tclass=\"sow-features-list\n\tsow-features-responsive\">\n\n\t\t\t<li\n\t\t\tclass=\"sow-features-feature sow-icon-container-position-top\"\n\t\t\tstyle=\"display: flex; flex-direction: column; width: calc(33.333% - 25px);\"\n\t\t>\n\t\t\t\n\t\t\t\t\t\t<div\t\t\t\tclass=\"sow-icon-container sow-container-none\"\n\t\t\t\tstyle=\"color: ; \"\n\t\t\t\t\n\t\t\t\t\t\t\t>\n\t\t\t\t\t\t\t\t\t\t<div class=\"sow-icon-image\" style=\"background-image: url(https:\/\/igt-sl.de\/wp-content\/uploads\/2024\/04\/Icon-Rollladen.png); font-size: 48px\"><\/div>\n\t\t\t\t\t\t\t\t\t<\/div>\n\n\t\t\t<div class=\"textwidget\">\n\t\t\t\t\n\t\t\t\t\t\t\t\t\t<h5 class=\"sow-features-feature-title\">\n\t\t\t\t\t\tVerschattung\t\t\t\t\t<\/h5>\n\t\t\t\t\n\t\t\t\t\t\t\t\t\t<div class=\"sow-features-feature-text\">\n\t\t\t\t\t<ul>\n<li style=\"text-align: left\">Rolladen-\/Jalousie- und Markisensteuerung<\/li>\n<li style=\"text-align: left\">Steuerung per Taster | Sprachbefehl | Fernbedienung | App | Automatisch in Abh\u00e4ngigkeit von Wetter, Uhrzeit, Fensterzustand, etc.<\/li>\n<li style=\"text-align: left\">Komfort: Abdunkelung, W\u00e4rme-\/K\u00e4lteisolierung<\/li>\n<li style=\"text-align: left\">Effizienz: Reduzierung der Heiz- und K\u00fchlungskosten<\/li>\n<li style=\"text-align: left\">Sicherheit: Sichtschutz, Einbruchschutz<\/li>\n<\/ul>\n\t\t\t\t\t<\/div>\n\t\t\t\t\t\t\t\t<\/div>\n\t\t\t\t\t\t\t\t<\/li>\n\n\t\t\t<li\n\t\t\tclass=\"sow-features-feature sow-icon-container-position-top\"\n\t\t\tstyle=\"display: flex; flex-direction: column; width: calc(33.333% - 25px);\"\n\t\t>\n\t\t\t\n\t\t\t\t\t\t<div\t\t\t\tclass=\"sow-icon-container sow-container-none\"\n\t\t\t\tstyle=\"color: ; \"\n\t\t\t\t\n\t\t\t\t\t\t\t>\n\t\t\t\t\t\t\t\t\t\t<div class=\"sow-icon-image\" style=\"background-image: url(https:\/\/igt-sl.de\/wp-content\/uploads\/2024\/04\/Icon-Licht.png); font-size: 48px\"><\/div>\n\t\t\t\t\t\t\t\t\t<\/div>\n\n\t\t\t<div class=\"textwidget\">\n\t\t\t\t\n\t\t\t\t\t\t\t\t\t<h5 class=\"sow-features-feature-title\">\n\t\t\t\t\t\tLicht\t\t\t\t\t<\/h5>\n\t\t\t\t\n\t\t\t\t\t\t\t\t\t<div class=\"sow-features-feature-text\">\n\t\t\t\t\t<ul>\n<li style=\"text-align: left\">Lichtsteuerung<\/li>\n<li style=\"text-align: left\">Steuerung per Pr\u00e4senzmelder | Taster | Sprachbefehl | Fernbedienung | App | Automatisch in Abh\u00e4ngigkeit von Helligkeit, Uhrzeit, etc.<\/li>\n<li style=\"text-align: left\">Komfort: Tageszeitabh\u00e4ngiges Dimmen, Anpassen der Farbtemperatur (Human Centric Lighting), Farbiges Licht f\u00fcr besondere Stimmungen<\/li>\n<li style=\"text-align: left\">Effizienz: Reduzierung der Energiekosten durch Pr\u00e4senzmelder-Steuerung und Dimmen<\/li>\n<li style=\"text-align: left\">Sicherheit: Automatisierte Lichtsteuerung bei Abwesenheit (Anwesenheitssimulation)<\/li>\n<\/ul>\n\t\t\t\t\t<\/div>\n\t\t\t\t\t\t\t\t<\/div>\n\t\t\t\t\t\t\t\t<\/li>\n\n\t\t\t<li\n\t\t\tclass=\"sow-features-feature sow-icon-container-position-top\"\n\t\t\tstyle=\"display: flex; flex-direction: column; width: calc(33.333% - 25px);\"\n\t\t>\n\t\t\t\n\t\t\t\t\t\t<div\t\t\t\tclass=\"sow-icon-container sow-container-none\"\n\t\t\t\tstyle=\"color: ; \"\n\t\t\t\t\n\t\t\t\t\t\t\t>\n\t\t\t\t\t\t\t\t\t\t<div class=\"sow-icon-image\" style=\"background-image: url(https:\/\/igt-sl.de\/wp-content\/uploads\/2024\/04\/Icon-Heizung.png); font-size: 48px\"><\/div>\n\t\t\t\t\t\t\t\t\t<\/div>\n\n\t\t\t<div class=\"textwidget\">\n\t\t\t\t\n\t\t\t\t\t\t\t\t\t<h5 class=\"sow-features-feature-title\">\n\t\t\t\t\t\tHeizung\t\t\t\t\t<\/h5>\n\t\t\t\t\n\t\t\t\t\t\t\t\t\t<div class=\"sow-features-feature-text\">\n\t\t\t\t\t<ul>\n<li style=\"text-align: left\">Fu\u00dfbodenheizung | Infrarot | Heizk\u00f6rper<\/li>\n<li style=\"text-align: left\">Steuerung per Pr\u00e4senzmelder | Taster | Bedienpanel |Sprachbefehl | Fernbedienung | App | Automatisch in Abh\u00e4ngigkeit von Wochentag, Uhrzeit, Sonneneinstrahlung, etc.<\/li>\n<li style=\"text-align: left\">Komfort: Automatisches Halten der Wohlf\u00fchltemperatur | Aufheizen des Geb\u00e4udes bei R\u00fcckkehr nach l\u00e4ngerer Abwesenheit<\/li>\n<li style=\"text-align: left\">Effizienz: Reduzierung der Energiekosten durch pr\u00e4senzabh\u00e4ngiges Heizen und tageszeit- \/ wochentagsabh\u00e4ngiges Absenken der Heizleistung<\/li>\n<\/ul>\n\t\t\t\t\t<\/div>\n\t\t\t\t\t\t\t\t<\/div>\n\t\t\t\t\t\t\t\t<\/li>\n\n\t\t\t<li\n\t\t\tclass=\"sow-features-feature sow-icon-container-position-top\"\n\t\t\tstyle=\"display: flex; flex-direction: column; width: calc(33.333% - 25px);\"\n\t\t>\n\t\t\t\n\t\t\t\t\t\t<div\t\t\t\tclass=\"sow-icon-container sow-container-none\"\n\t\t\t\tstyle=\"color: ; \"\n\t\t\t\t\n\t\t\t\t\t\t\t>\n\t\t\t\t\t\t\t\t\t\t<div class=\"sow-icon-image\" style=\"background-image: url(https:\/\/igt-sl.de\/wp-content\/uploads\/2024\/04\/icon-klima.png); font-size: 48px\"><\/div>\n\t\t\t\t\t\t\t\t\t<\/div>\n\n\t\t\t<div class=\"textwidget\">\n\t\t\t\t\n\t\t\t\t\t\t\t\t\t<h5 class=\"sow-features-feature-title\">\n\t\t\t\t\t\tL\u00fcftung \/ Klima\t\t\t\t\t<\/h5>\n\t\t\t\t\n\t\t\t\t\t\t\t\t\t<div class=\"sow-features-feature-text\">\n\t\t\t\t\t<ul>\n<li style=\"text-align: left\">Zentrale und dezentrale Bel\u00fcftung bzw. Klimatisierung<\/li>\n<li style=\"text-align: left\">Steuerung per Pr\u00e4senzmelder | Taster | Bedienpanel |Sprachbefehl | Fernbedienung | App | Automatisch in Abh\u00e4ngigkeit von CO2-Gehalt in der Luft, Temperatur, etc.<\/li>\n<li style=\"text-align: left\">Komfort: Automatisches Halten einer guten Luftqualit\u00e4t und Temperatur | Klimatisieren des Geb\u00e4udes bei R\u00fcckkehr nach l\u00e4ngerer Abwesenheit<\/li>\n<li style=\"text-align: left\">Effizienz: Reduzierung der Energiekosten durch pr\u00e4senzabh\u00e4ngiges Klimatisieren | Weniger Fenster\u00f6ffnungen = weniger W\u00e4rmeverlust<\/li>\n<\/ul>\n\t\t\t\t\t<\/div>\n\t\t\t\t\t\t\t\t<\/div>\n\t\t\t\t\t\t\t\t<\/li>\n\n\t\t\t<li\n\t\t\tclass=\"sow-features-feature sow-icon-container-position-top\"\n\t\t\tstyle=\"display: flex; flex-direction: column; width: calc(33.333% - 25px);\"\n\t\t>\n\t\t\t\n\t\t\t\t\t\t<div\t\t\t\tclass=\"sow-icon-container sow-container-none\"\n\t\t\t\tstyle=\"color: ; \"\n\t\t\t\t\n\t\t\t\t\t\t\t>\n\t\t\t\t\t\t\t\t\t\t<div class=\"sow-icon-image\" style=\"background-image: url(https:\/\/igt-sl.de\/wp-content\/uploads\/2024\/04\/icon-Audio-1.png); font-size: 48px\"><\/div>\n\t\t\t\t\t\t\t\t\t<\/div>\n\n\t\t\t<div class=\"textwidget\">\n\t\t\t\t\n\t\t\t\t\t\t\t\t\t<h5 class=\"sow-features-feature-title\">\n\t\t\t\t\t\tMusik-Steuerung\t\t\t\t\t<\/h5>\n\t\t\t\t\n\t\t\t\t\t\t\t\t\t<div class=\"sow-features-feature-text\">\n\t\t\t\t\t<ul>\n<li style=\"text-align: left\">Multiroom | Streaming | Zentrale Steuerung<\/li>\n<li style=\"text-align: left\">Steuerung per Pr\u00e4senzmelder | Taster | Bedienpanel |Sprachbefehl | Fernbedienung | App | Automatisch in Abh\u00e4ngigkeit von Abwesenheit | Musikrichtung in Abh\u00e4ngigkeit von den anwesenden Personen<\/li>\n<li style=\"text-align: left\">Komfort: Die Musik wandert mit Ihnen von Raum zu Raum, automatische Unterbrechung der Musik bei T\u00fcrklingeln oder eintreffenden Anrufen<\/li>\n<li style=\"text-align: left\">Effizienz: Reduzierung der Energiekosten durch automatisches Ein- und Ausschalten der Musik in Abh\u00e4ngigkeit von Anwesenheit<\/li>\n<li style=\"text-align: left\">Sicherheit: Verwendung der Audio-Installation als Alarmanlage m\u00f6glich<\/li>\n<\/ul>\n\t\t\t\t\t<\/div>\n\t\t\t\t\t\t\t\t<\/div>\n\t\t\t\t\t\t\t\t<\/li>\n\n\t\t\t<li\n\t\t\tclass=\"sow-features-feature sow-icon-container-position-top\"\n\t\t\tstyle=\"display: flex; flex-direction: column; width: calc(33.333% - 25px);\"\n\t\t>\n\t\t\t\n\t\t\t\t\t\t<div\t\t\t\tclass=\"sow-icon-container sow-container-none\"\n\t\t\t\tstyle=\"color: ; \"\n\t\t\t\t\n\t\t\t\t\t\t\t>\n\t\t\t\t\t\t\t\t\t\t<div class=\"sow-icon-image\" style=\"background-image: url(https:\/\/igt-sl.de\/wp-content\/uploads\/2024\/04\/watering-icon.png); font-size: 48px\"><\/div>\n\t\t\t\t\t\t\t\t\t<\/div>\n\n\t\t\t<div class=\"textwidget\">\n\t\t\t\t\n\t\t\t\t\t\t\t\t\t<h5 class=\"sow-features-feature-title\">\n\t\t\t\t\t\tPflanzenbew\u00e4sserung\t\t\t\t\t<\/h5>\n\t\t\t\t\n\t\t\t\t\t\t\t\t\t<div class=\"sow-features-feature-text\">\n\t\t\t\t\t<ul>\n<li style=\"text-align: left\">In Kombination mit etablierten Bew\u00e4sserungssystemen<\/li>\n<li style=\"text-align: left\">Steuerung per Taster | Bedienpanel |Sprachbefehl | Fernbedienung | App | Automatisch in Abh\u00e4ngigkeit vom Wetter<\/li>\n<li style=\"text-align: left\">Komfort: Nie wieder vergessen die Pfanzen zu gie\u00dfen | Entspannt in den Urlaub gehen<\/li>\n<li style=\"text-align: left\">Effizienz: Reduzierung des Wasserverbrauchs durch gezieltes Bew\u00e4ssern<\/li>\n<\/ul>\n\t\t\t\t\t<\/div>\n\t\t\t\t\t\t\t\t<\/div>\n\t\t\t\t\t\t\t\t<\/li>\n\n\t\t\t<li\n\t\t\tclass=\"sow-features-feature sow-icon-container-position-top\"\n\t\t\tstyle=\"display: flex; flex-direction: column; width: calc(33.333% - 25px);\"\n\t\t>\n\t\t\t\n\t\t\t\t\t\t<div\t\t\t\tclass=\"sow-icon-container sow-container-none\"\n\t\t\t\tstyle=\"color: ; \"\n\t\t\t\t\n\t\t\t\t\t\t\t>\n\t\t\t\t\t\t\t\t\t\t<div class=\"sow-icon-image\" style=\"background-image: url(https:\/\/igt-sl.de\/wp-content\/uploads\/2024\/04\/icon-PV.png); font-size: 48px\"><\/div>\n\t\t\t\t\t\t\t\t\t<\/div>\n\n\t\t\t<div class=\"textwidget\">\n\t\t\t\t\n\t\t\t\t\t\t\t\t\t<h5 class=\"sow-features-feature-title\">\n\t\t\t\t\t\tEnergiemanagement\t\t\t\t\t<\/h5>\n\t\t\t\t\n\t\t\t\t\t\t\t\t\t<div class=\"sow-features-feature-text\">\n\t\t\t\t\t<ul>\n<li style=\"text-align: left\">Monitoring des Energieverbrauchs | Effiziente Steuerung von verbrauchsstarken Abnehmern<\/li>\n<li style=\"text-align: left\">Komfort: Automatisches Bestromen von Ger\u00e4ten oder dem E-Auto bei ausreichend PV-Strom &#8211; kein manueller Eingriff notwendig<\/li>\n<li style=\"text-align: left\">Effizienz: Reduzierung der Energiekosten durch PV-Leistung abh\u00e4ngiges (De-) Aktivieren der Stromzufuhr<\/li>\n<li style=\"text-align: left\">Sicherheit: Warnung bei unerwartet hohem\/niedrigem Stromverbrauch einzelner Ger\u00e4te &#8211; Beispiel K\u00fchltruhe: kein Stromverbrauch mehr \u00fcber langen Zeitraum bedeutet Defekt, hoher Stromverbrauch kann auf eine ge\u00f6ffnete T\u00fcr hindeuten<\/li>\n<\/ul>\n\t\t\t\t\t<\/div>\n\t\t\t\t\t\t\t\t<\/div>\n\t\t\t\t\t\t\t\t<\/li>\n\n\t\t\t<li\n\t\t\tclass=\"sow-features-feature sow-icon-container-position-top\"\n\t\t\tstyle=\"display: flex; flex-direction: column; width: calc(33.333% - 25px);\"\n\t\t>\n\t\t\t\n\t\t\t\t\t\t<div\t\t\t\tclass=\"sow-icon-container sow-container-none\"\n\t\t\t\tstyle=\"color: ; \"\n\t\t\t\t\n\t\t\t\t\t\t\t>\n\t\t\t\t\t\t\t\t\t\t<div class=\"sow-icon-image\" style=\"background-image: url(https:\/\/igt-sl.de\/wp-content\/uploads\/2024\/04\/icon-Camera.png); font-size: 48px\"><\/div>\n\t\t\t\t\t\t\t\t\t<\/div>\n\n\t\t\t<div class=\"textwidget\">\n\t\t\t\t\n\t\t\t\t\t\t\t\t\t<h5 class=\"sow-features-feature-title\">\n\t\t\t\t\t\tAlarm | Anwesenheitssimulation\t\t\t\t\t<\/h5>\n\t\t\t\t\n\t\t\t\t\t\t\t\t\t<div class=\"sow-features-feature-text\">\n\t\t\t\t\t<ul>\n<li style=\"text-align: left\">\u00dcberwachungskameras | Alarmanlage | Licht-\/Rolladensteuerung<\/li>\n<li style=\"text-align: left\">Aktivieren per Taster | Bedienpanel |Sprachbefehl | Fernbedienung | App | Automatisch bei Detektion von l\u00e4ngerer Abwesenheit<\/li>\n<li style=\"text-align: left\">Komfort: Ein sicheres Gef\u00fchl w\u00e4hrend Ihrer Abwesenheit<\/li>\n<li style=\"text-align: left\">Sicherheit: Ihr Geb\u00e4ude stets im Blick \u00fcber Kameras und Statusinformationen von Fenstern, Energieverbr\u00e4uchen, etc. | Ausl\u00f6sen der Alarmanlage durch unerwartete \u00d6ffnung der Fenster bzw. Au\u00dfent\u00fcren | Abschrecken von Einbrechern durch die Simulation von Anwesenheit &#8211; zuf\u00e4lliges Ein-\/Ausschalten von einzelnen Leuchten und Auf-\/Abfahren der Beschattung<\/li>\n<\/ul>\n\t\t\t\t\t<\/div>\n\t\t\t\t\t\t\t\t<\/div>\n\t\t\t\t\t\t\t\t<\/li>\n\n\t<\/ul>\n<\/div><\/div><\/div><\/div><\/div><\/div>\n\n<div id=\"pl-gb149-69f2947f27b82\"  class=\"panel-layout\" ><div id=\"pg-gb149-69f2947f27b82-0\"  class=\"panel-grid panel-no-style\" ><div id=\"pgc-gb149-69f2947f27b82-0-0\"  class=\"panel-grid-cell\" ><div id=\"panel-gb149-69f2947f27b82-0-0-0\" class=\"so-panel widget widget_block panel-first-child panel-last-child\" data-index=\"0\" ><\/div><\/div><div id=\"pgc-gb149-69f2947f27b82-0-1\"  class=\"panel-grid-cell\" ><div id=\"panel-gb149-69f2947f27b82-0-1-0\" class=\"so-panel widget widget_block panel-first-child panel-last-child\" data-index=\"1\" ><\/div><\/div><\/div><\/div>","protected":false},"excerpt":{"rendered":"","protected":false},"author":1,"featured_media":0,"parent":0,"menu_order":0,"comment_status":"closed","ping_status":"closed","template":"","meta":{"footnotes":""},"class_list":["post-149","page","type-page","status-publish","hentry"],"aioseo_notices":[],"_links":{"self":[{"href":"https:\/\/igt-sl.de\/index.php?rest_route=\/wp\/v2\/pages\/149","targetHints":{"allow":["GET"]}}],"collection":[{"href":"https:\/\/igt-sl.de\/index.php?rest_route=\/wp\/v2\/pages"}],"about":[{"href":"https:\/\/igt-sl.de\/index.php?rest_route=\/wp\/v2\/types\/page"}],"author":[{"embeddable":true,"href":"https:\/\/igt-sl.de\/index.php?rest_route=\/wp\/v2\/users\/1"}],"replies":[{"embeddable":true,"href":"https:\/\/igt-sl.de\/index.php?rest_route=%2Fwp%2Fv2%2Fcomments&post=149"}],"version-history":[{"count":73,"href":"https:\/\/igt-sl.de\/index.php?rest_route=\/wp\/v2\/pages\/149\/revisions"}],"predecessor-version":[{"id":688,"href":"https:\/\/igt-sl.de\/index.php?rest_route=\/wp\/v2\/pages\/149\/revisions\/688"}],"wp:attachment":[{"href":"https:\/\/igt-sl.de\/index.php?rest_route=%2Fwp%2Fv2%2Fmedia&parent=149"}],"curies":[{"name":"wp","href":"https:\/\/api.w.org\/{rel}","templated":true}]}}