{"id":692,"date":"2024-04-29T08:13:55","date_gmt":"2024-04-29T08:13:55","guid":{"rendered":"https:\/\/igt-sl.de\/?page_id=692"},"modified":"2024-04-29T08:40:57","modified_gmt":"2024-04-29T08:40:57","slug":"das-smart-appartments-paket-im-detail","status":"publish","type":"page","link":"http:\/\/igt-sl.de\/?page_id=692","title":{"rendered":"Das Smart Appartments Paket im Detail"},"content":{"rendered":"<div id=\"pl-gb692-69f3177f5c64f\"  class=\"panel-layout\" ><div id=\"pg-gb692-69f3177f5c64f-0\"  class=\"panel-grid panel-no-style\" ><div id=\"pgc-gb692-69f3177f5c64f-0-0\"  class=\"panel-grid-cell\" ><div id=\"panel-gb692-69f3177f5c64f-0-0-0\" class=\"so-panel widget widget_media_image panel-first-child panel-last-child\" data-index=\"0\" ><img fetchpriority=\"high\" decoding=\"async\" width=\"300\" height=\"300\" src=\"http:\/\/igt-sl.de\/wp-content\/uploads\/2024\/04\/Mietshaus-1024-300x300.png\" class=\"image wp-image-628  attachment-medium size-medium\" alt=\"\" style=\"max-width: 100%; height: auto;\" srcset=\"http:\/\/igt-sl.de\/wp-content\/uploads\/2024\/04\/Mietshaus-1024-300x300.png 300w, http:\/\/igt-sl.de\/wp-content\/uploads\/2024\/04\/Mietshaus-1024-150x150.png 150w, http:\/\/igt-sl.de\/wp-content\/uploads\/2024\/04\/Mietshaus-1024.png 640w\" sizes=\"(max-width: 300px) 100vw, 300px\" \/><\/div><\/div><div id=\"pgc-gb692-69f3177f5c64f-0-1\"  class=\"panel-grid-cell\" ><div id=\"panel-gb692-69f3177f5c64f-0-1-0\" class=\"so-panel widget widget_block panel-first-child panel-last-child\" data-index=\"1\" ><b> <font size=\"5em\">Ihre Wohnanlage soll komfortabel, effizient, <br>sicher und sehr einfach zu bedienen sein &#8211; <br>eine gro\u00dfe Rolle kommt dabei der <br> elektrischen Anlage zu.<\/font><\/b><\/div><\/div><\/div><div id=\"pg-gb692-69f3177f5c64f-1\"  class=\"panel-grid panel-no-style\" ><div id=\"pgc-gb692-69f3177f5c64f-1-0\"  class=\"panel-grid-cell\" ><div id=\"panel-gb692-69f3177f5c64f-1-0-0\" class=\"so-panel widget widget_block panel-first-child panel-last-child\" data-index=\"2\" ><br><b><font size=\"4em\">Komfort<\/font><\/b><br><font size=\"3em\">Ihre Mieter w\u00fcnschen sich maximalen Komfort &#8211; die smarten Technologien nehmen ihnen viele manuelle Eingriffe ab indem Jalousien, Heizung, Licht und L\u00fcftung voll-automatisch gesteuert werden. Optional k\u00f6nnen Ihre Bewohner alles bequem per App bedienen, von Zuhause und von \u00fcberall sonst auf der Welt. <\/font><\/div><\/div><div id=\"pgc-gb692-69f3177f5c64f-1-1\"  class=\"panel-grid-cell\" ><div id=\"panel-gb692-69f3177f5c64f-1-1-0\" class=\"so-panel widget widget_block panel-first-child panel-last-child\" data-index=\"3\" ><br> <b><font size=\"4em\">Effizienz<\/font><\/b> <br><font size=\"3em\"> Mit der automatisierten Steuerung der Heizung (z.B. in Abh\u00e4ngigkeit von Anwesenheit, Au\u00dfentemperatur, ge\u00f6ffneten Fenstern), der Beschattung (an hei\u00dfen Tagen Reflexion der Sonneneinstrahlung, an k\u00fchlen Tagen zus\u00e4tzliche Isolation) und der Klima-\/L\u00fcftungsanlage sparen Ihre Mieter viel Geld ein &#8211; ein durchaus bemerkenswerter &#8222;Pluspunkt&#8220; in Ihrer Wohnungsanzeige! <\/font><\/div><\/div><div id=\"pgc-gb692-69f3177f5c64f-1-2\"  class=\"panel-grid-cell\" ><div id=\"panel-gb692-69f3177f5c64f-1-2-0\" class=\"so-panel widget widget_block panel-first-child panel-last-child\" data-index=\"4\" ><br> <b><font size=\"4em\">Sicherheit<\/font><\/b> <br> <font size=\"3em\">\n<b>\u00c4u\u00dfere Einfl\u00fcsse:<\/b> <br>Einbrecher: \u00dcberwachungskameras und ein sicheres Zutrittssystem erh\u00f6hen die Sicherheit und das Sicherheitsgef\u00fchl <br> Unwetter: Starker Sturm und Hagel kann ihr Hab und Gut besch\u00e4digen &#8211; Jalousien fahren automatisiert hoch, Ihre Mieter bekommen eine Benachrichtigung \u00fcber offen stehende (Dach-)Fenster\n<br><b>Innere Gefahren:<\/b> <br>Wasserschaden &#8211; Wassermelder schlagen Alarm sobald die Waschmaschine ein Leck aufweist <br>Von unterwegs pr\u00fcfen Ihre Mieter, ob alle elektrischen Ger\u00e4te ausgeschaltet sind &#8211; falls nein, schalten Sie sie per App aus<\/font>\n<\/div><\/div><\/div><div id=\"pg-gb692-69f3177f5c64f-2\"  class=\"panel-grid panel-no-style\" ><div id=\"pgc-gb692-69f3177f5c64f-2-0\"  class=\"panel-grid-cell\" ><div id=\"panel-gb692-69f3177f5c64f-2-0-0\" class=\"so-panel widget widget_block panel-first-child panel-last-child\" data-index=\"5\" >        <\/div><\/div><\/div><div id=\"pg-gb692-69f3177f5c64f-3\"  class=\"panel-grid panel-no-style\" ><div id=\"pgc-gb692-69f3177f5c64f-3-0\"  class=\"panel-grid-cell\" ><div id=\"panel-gb692-69f3177f5c64f-3-0-0\" class=\"so-panel widget widget_block panel-first-child panel-last-child\" data-index=\"6\" ><div class=\"panel-widget-style panel-widget-style-for-gb692-69f3177f5c64f-3-0-0\" ><b><font size=\"5em\"> <center> Wie wird Komfort, Effizienz und Sicherheit erreicht &#8211; ganz konkret: <\/font><\/b><\/div><\/div><\/div><\/div><\/div>\n\n<div id=\"pl-gb692-69f3177f5d7d0\"  class=\"panel-layout\" ><div id=\"pg-gb692-69f3177f5d7d0-0\"  class=\"panel-grid panel-has-style\" ><div class=\"siteorigin-panels-stretch panel-row-style panel-row-style-for-gb692-69f3177f5d7d0-0\" data-stretch-type=\"full\" ><div id=\"pgc-gb692-69f3177f5d7d0-0-0\"  class=\"panel-grid-cell\" ><div id=\"panel-gb692-69f3177f5d7d0-0-0-0\" class=\"so-panel widget widget_sow-features panel-first-child panel-last-child\" data-index=\"0\" ><div\n\t\t\t\n\t\t\tclass=\"so-widget-sow-features so-widget-sow-features-default-b0acfe4b9eee-692\"\n\t\t\t\n\t\t><ul\n\tclass=\"sow-features-list\n\tsow-features-responsive\">\n\n\t\t\t<li\n\t\t\tclass=\"sow-features-feature sow-icon-container-position-top\"\n\t\t\tstyle=\"display: flex; flex-direction: column; width: calc(33.333% - 25px);\"\n\t\t>\n\t\t\t\n\t\t\t\t\t\t<div\t\t\t\tclass=\"sow-icon-container sow-container-none\"\n\t\t\t\tstyle=\"color: ; \"\n\t\t\t\t\n\t\t\t\t\t\t\t>\n\t\t\t\t\t\t\t\t\t\t<div class=\"sow-icon-image\" style=\"background-image: url(http:\/\/igt-sl.de\/wp-content\/uploads\/2024\/04\/Icon-Rollladen.png); font-size: 48px\"><\/div>\n\t\t\t\t\t\t\t\t\t<\/div>\n\n\t\t\t<div class=\"textwidget\">\n\t\t\t\t\n\t\t\t\t\t\t\t\t\t<h5 class=\"sow-features-feature-title\">\n\t\t\t\t\t\tVerschattung\t\t\t\t\t<\/h5>\n\t\t\t\t\n\t\t\t\t\t\t\t\t\t<div class=\"sow-features-feature-text\">\n\t\t\t\t\t<ul>\n<li style=\"text-align: left\">Rolladen-\/Jalousie- und Markisensteuerung<\/li>\n<li style=\"text-align: left\">Steuerung per Taster | Sprachbefehl | Fernbedienung | App | Automatisch in Abh\u00e4ngigkeit von Wetter, Uhrzeit, Fensterzustand, etc.<\/li>\n<li style=\"text-align: left\">Komfort: Abdunkelung, W\u00e4rme-\/K\u00e4lteisolierung<\/li>\n<li style=\"text-align: left\">Effizienz: Reduzierung der Heiz- und K\u00fchlungskosten<\/li>\n<li style=\"text-align: left\">Sicherheit: Sichtschutz, Einbruchschutz<\/li>\n<\/ul>\n\t\t\t\t\t<\/div>\n\t\t\t\t\t\t\t\t<\/div>\n\t\t\t\t\t\t\t\t<\/li>\n\n\t\t\t<li\n\t\t\tclass=\"sow-features-feature sow-icon-container-position-top\"\n\t\t\tstyle=\"display: flex; flex-direction: column; width: calc(33.333% - 25px);\"\n\t\t>\n\t\t\t\n\t\t\t\t\t\t<div\t\t\t\tclass=\"sow-icon-container sow-container-none\"\n\t\t\t\tstyle=\"color: ; \"\n\t\t\t\t\n\t\t\t\t\t\t\t>\n\t\t\t\t\t\t\t\t\t\t<div class=\"sow-icon-image\" style=\"background-image: url(http:\/\/igt-sl.de\/wp-content\/uploads\/2024\/04\/Icon-Licht.png); font-size: 48px\"><\/div>\n\t\t\t\t\t\t\t\t\t<\/div>\n\n\t\t\t<div class=\"textwidget\">\n\t\t\t\t\n\t\t\t\t\t\t\t\t\t<h5 class=\"sow-features-feature-title\">\n\t\t\t\t\t\tLicht\t\t\t\t\t<\/h5>\n\t\t\t\t\n\t\t\t\t\t\t\t\t\t<div class=\"sow-features-feature-text\">\n\t\t\t\t\t<ul>\n<li style=\"text-align: left\">Lichtsteuerung<\/li>\n<li style=\"text-align: left\">Steuerung per Pr\u00e4senzmelder | Taster | Sprachbefehl | Fernbedienung | App | Automatisch in Abh\u00e4ngigkeit von Helligkeit, Uhrzeit, etc.<\/li>\n<li style=\"text-align: left\">Komfort: Tageszeitabh\u00e4ngiges Dimmen, Anpassen der Farbtemperatur (Human Centric Lighting), Farbiges Licht f\u00fcr besondere Stimmungen<\/li>\n<li style=\"text-align: left\">Effizienz: Reduzierung der Energiekosten durch Pr\u00e4senzmelder-Steuerung und Dimmen<\/li>\n<li style=\"text-align: left\">Sicherheit: Automatisierte Lichtsteuerung bei Abwesenheit (Anwesenheitssimulation)<\/li>\n<\/ul>\n\t\t\t\t\t<\/div>\n\t\t\t\t\t\t\t\t<\/div>\n\t\t\t\t\t\t\t\t<\/li>\n\n\t\t\t<li\n\t\t\tclass=\"sow-features-feature sow-icon-container-position-top\"\n\t\t\tstyle=\"display: flex; flex-direction: column; width: calc(33.333% - 25px);\"\n\t\t>\n\t\t\t\n\t\t\t\t\t\t<div\t\t\t\tclass=\"sow-icon-container sow-container-none\"\n\t\t\t\tstyle=\"color: ; \"\n\t\t\t\t\n\t\t\t\t\t\t\t>\n\t\t\t\t\t\t\t\t\t\t<div class=\"sow-icon-image\" style=\"background-image: url(http:\/\/igt-sl.de\/wp-content\/uploads\/2024\/04\/Icon-Heizung.png); font-size: 48px\"><\/div>\n\t\t\t\t\t\t\t\t\t<\/div>\n\n\t\t\t<div class=\"textwidget\">\n\t\t\t\t\n\t\t\t\t\t\t\t\t\t<h5 class=\"sow-features-feature-title\">\n\t\t\t\t\t\tHeizung\t\t\t\t\t<\/h5>\n\t\t\t\t\n\t\t\t\t\t\t\t\t\t<div class=\"sow-features-feature-text\">\n\t\t\t\t\t<ul>\n<li style=\"text-align: left\">Fu\u00dfbodenheizung | Infrarot | Heizk\u00f6rper<\/li>\n<li style=\"text-align: left\">Steuerung per Pr\u00e4senzmelder | Taster | Bedienpanel |Sprachbefehl | Fernbedienung | App | Automatisch in Abh\u00e4ngigkeit von Wochentag, Uhrzeit, Sonneneinstrahlung, etc.<\/li>\n<li style=\"text-align: left\">Komfort: Automatisches Halten der Wohlf\u00fchltemperatur | Aufheizen des Geb\u00e4udes bei R\u00fcckkehr nach l\u00e4ngerer Abwesenheit<\/li>\n<li style=\"text-align: left\">Effizienz: Reduzierung der Energiekosten durch pr\u00e4senzabh\u00e4ngiges Heizen und tageszeit- \/ wochentagsabh\u00e4ngiges Absenken der Heizleistung<\/li>\n<\/ul>\n\t\t\t\t\t<\/div>\n\t\t\t\t\t\t\t\t<\/div>\n\t\t\t\t\t\t\t\t<\/li>\n\n\t\t\t<li\n\t\t\tclass=\"sow-features-feature sow-icon-container-position-top\"\n\t\t\tstyle=\"display: flex; flex-direction: column; width: calc(33.333% - 25px);\"\n\t\t>\n\t\t\t\n\t\t\t\t\t\t<div\t\t\t\tclass=\"sow-icon-container sow-container-none\"\n\t\t\t\tstyle=\"color: ; \"\n\t\t\t\t\n\t\t\t\t\t\t\t>\n\t\t\t\t\t\t\t\t\t\t<div class=\"sow-icon-image\" style=\"background-image: url(http:\/\/igt-sl.de\/wp-content\/uploads\/2024\/04\/icon-klima.png); font-size: 48px\"><\/div>\n\t\t\t\t\t\t\t\t\t<\/div>\n\n\t\t\t<div class=\"textwidget\">\n\t\t\t\t\n\t\t\t\t\t\t\t\t\t<h5 class=\"sow-features-feature-title\">\n\t\t\t\t\t\tL\u00fcftung \/ Klima\t\t\t\t\t<\/h5>\n\t\t\t\t\n\t\t\t\t\t\t\t\t\t<div class=\"sow-features-feature-text\">\n\t\t\t\t\t<ul>\n<li style=\"text-align: left\">Zentrale und dezentrale Bel\u00fcftung bzw. Klimatisierung<\/li>\n<li style=\"text-align: left\">Steuerung per Pr\u00e4senzmelder | Taster | Bedienpanel |Sprachbefehl | Fernbedienung | App | Automatisch in Abh\u00e4ngigkeit von CO2-Gehalt in der Luft, Temperatur, etc.<\/li>\n<li style=\"text-align: left\">Komfort: Automatisches Halten einer guten Luftqualit\u00e4t und Temperatur | Klimatisieren des Geb\u00e4udes bei R\u00fcckkehr nach l\u00e4ngerer Abwesenheit<\/li>\n<li style=\"text-align: left\">Effizienz: Reduzierung der Energiekosten durch pr\u00e4senzabh\u00e4ngiges Klimatisieren | Weniger Fenster\u00f6ffnungen = weniger W\u00e4rmeverlust<\/li>\n<\/ul>\n\t\t\t\t\t<\/div>\n\t\t\t\t\t\t\t\t<\/div>\n\t\t\t\t\t\t\t\t<\/li>\n\n\t\t\t<li\n\t\t\tclass=\"sow-features-feature sow-icon-container-position-top\"\n\t\t\tstyle=\"display: flex; flex-direction: column; width: calc(33.333% - 25px);\"\n\t\t>\n\t\t\t\n\t\t\t\t\t\t<div\t\t\t\tclass=\"sow-icon-container sow-container-none\"\n\t\t\t\tstyle=\"color: ; \"\n\t\t\t\t\n\t\t\t\t\t\t\t>\n\t\t\t\t\t\t\t\t\t\t<div class=\"sow-icon-image\" style=\"background-image: url(http:\/\/igt-sl.de\/wp-content\/uploads\/2024\/04\/icon-Audio-1.png); font-size: 48px\"><\/div>\n\t\t\t\t\t\t\t\t\t<\/div>\n\n\t\t\t<div class=\"textwidget\">\n\t\t\t\t\n\t\t\t\t\t\t\t\t\t<h5 class=\"sow-features-feature-title\">\n\t\t\t\t\t\tMusik-Steuerung\t\t\t\t\t<\/h5>\n\t\t\t\t\n\t\t\t\t\t\t\t\t\t<div class=\"sow-features-feature-text\">\n\t\t\t\t\t<ul>\n<li style=\"text-align: left\">Streaming | Zentrale Steuerung<\/li>\n<li style=\"text-align: left\">Steuerung per Pr\u00e4senzmelder | Taster | Bedienpanel |Sprachbefehl | Fernbedienung | App | Automatisch in Abh\u00e4ngigkeit von Abwesenheit | Musikrichtung in Abh\u00e4ngigkeit von den anwesenden Personen<\/li>\n<li style=\"text-align: left\">Komfort: Ab sofort bedienen Sie Ihre Musikanlage parallel zu anderen Funktionen Ihres Smart Homes &#8211; kein Wechsel zwischen Apps ist notwendig<\/li>\n<li style=\"text-align: left\">Effizienz: Reduzierung der Energiekosten durch automatisches Ein- und Ausschalten der Musik in Abh\u00e4ngigkeit von Anwesenheit<\/li>\n<li style=\"text-align: left\">Sicherheit: Verwendung der Audio-Installation als Alarmanlage m\u00f6glich<\/li>\n<\/ul>\n\t\t\t\t\t<\/div>\n\t\t\t\t\t\t\t\t<\/div>\n\t\t\t\t\t\t\t\t<\/li>\n\n\t\t\t<li\n\t\t\tclass=\"sow-features-feature sow-icon-container-position-top\"\n\t\t\tstyle=\"display: flex; flex-direction: column; width: calc(33.333% - 25px);\"\n\t\t>\n\t\t\t\n\t\t\t\t\t\t<div\t\t\t\tclass=\"sow-icon-container sow-container-none\"\n\t\t\t\tstyle=\"color: ; \"\n\t\t\t\t\n\t\t\t\t\t\t\t>\n\t\t\t\t\t\t\t\t\t\t<div class=\"sow-icon-image\" style=\"background-image: url(http:\/\/igt-sl.de\/wp-content\/uploads\/2024\/04\/watering-icon.png); font-size: 48px\"><\/div>\n\t\t\t\t\t\t\t\t\t<\/div>\n\n\t\t\t<div class=\"textwidget\">\n\t\t\t\t\n\t\t\t\t\t\t\t\t\t<h5 class=\"sow-features-feature-title\">\n\t\t\t\t\t\tPflanzenbew\u00e4sserung\t\t\t\t\t<\/h5>\n\t\t\t\t\n\t\t\t\t\t\t\t\t\t<div class=\"sow-features-feature-text\">\n\t\t\t\t\t<ul>\n<li style=\"text-align: left\">In Kombination mit etablierten Bew\u00e4sserungssystemen<\/li>\n<li style=\"text-align: left\">Steuerung per Taster | Bedienpanel |Sprachbefehl | Fernbedienung | App | Automatisch in Abh\u00e4ngigkeit vom Wetter<\/li>\n<li style=\"text-align: left\">Komfort: Nie wieder vergessen die Pfanzen zu gie\u00dfen | Entspannt in den Urlaub gehen<\/li>\n<li style=\"text-align: left\">Effizienz: Reduzierung des Wasserverbrauchs durch gezieltes Bew\u00e4ssern<\/li>\n<\/ul>\n\t\t\t\t\t<\/div>\n\t\t\t\t\t\t\t\t<\/div>\n\t\t\t\t\t\t\t\t<\/li>\n\n\t\t\t<li\n\t\t\tclass=\"sow-features-feature sow-icon-container-position-top\"\n\t\t\tstyle=\"display: flex; flex-direction: column; width: calc(33.333% - 25px);\"\n\t\t>\n\t\t\t\n\t\t\t\t\t\t<div\t\t\t\tclass=\"sow-icon-container sow-container-none\"\n\t\t\t\tstyle=\"color: ; \"\n\t\t\t\t\n\t\t\t\t\t\t\t>\n\t\t\t\t\t\t\t\t\t\t<div class=\"sow-icon-image\" style=\"background-image: url(http:\/\/igt-sl.de\/wp-content\/uploads\/2024\/04\/icon-PV.png); font-size: 48px\"><\/div>\n\t\t\t\t\t\t\t\t\t<\/div>\n\n\t\t\t<div class=\"textwidget\">\n\t\t\t\t\n\t\t\t\t\t\t\t\t\t<h5 class=\"sow-features-feature-title\">\n\t\t\t\t\t\tEnergiemanagement\t\t\t\t\t<\/h5>\n\t\t\t\t\n\t\t\t\t\t\t\t\t\t<div class=\"sow-features-feature-text\">\n\t\t\t\t\t<ul>\n<li style=\"text-align: left\">Monitoring des Energieverbrauchs | Effiziente Steuerung von verbrauchsstarken Abnehmern<\/li>\n<li style=\"text-align: left\">Komfort: Automatisches Bestromen von Ger\u00e4ten oder dem E-Auto bei ausreichend PV-Strom &#8211; kein manueller Eingriff notwendig<\/li>\n<li style=\"text-align: left\">Effizienz: Reduzierung der Energiekosten durch PV-Leistung abh\u00e4ngiges (De-) Aktivieren der Stromzufuhr<\/li>\n<li style=\"text-align: left\">Sicherheit: Warnung bei unerwartet hohem\/niedrigem Stromverbrauch einzelner Ger\u00e4te (Beispiel K\u00fchltruhe: kein Stromverbrauch mehr \u00fcber langen Zeitraum bedeutet Defekt, hoher Stromverbrauch kann auf eine ge\u00f6ffnete T\u00fcr hindeuten)<\/li>\n<\/ul>\n\t\t\t\t\t<\/div>\n\t\t\t\t\t\t\t\t<\/div>\n\t\t\t\t\t\t\t\t<\/li>\n\n\t\t\t<li\n\t\t\tclass=\"sow-features-feature sow-icon-container-position-top\"\n\t\t\tstyle=\"display: flex; flex-direction: column; width: calc(33.333% - 25px);\"\n\t\t>\n\t\t\t\n\t\t\t\t\t\t<div\t\t\t\tclass=\"sow-icon-container sow-container-none\"\n\t\t\t\tstyle=\"color: ; \"\n\t\t\t\t\n\t\t\t\t\t\t\t>\n\t\t\t\t\t\t\t\t\t\t<div class=\"sow-icon-image\" style=\"background-image: url(http:\/\/igt-sl.de\/wp-content\/uploads\/2024\/04\/icon-Camera.png); font-size: 48px\"><\/div>\n\t\t\t\t\t\t\t\t\t<\/div>\n\n\t\t\t<div class=\"textwidget\">\n\t\t\t\t\n\t\t\t\t\t\t\t\t\t<h5 class=\"sow-features-feature-title\">\n\t\t\t\t\t\tAlarm | Anwesenheitssimulation\t\t\t\t\t<\/h5>\n\t\t\t\t\n\t\t\t\t\t\t\t\t\t<div class=\"sow-features-feature-text\">\n\t\t\t\t\t<ul>\n<li style=\"text-align: left\">\u00dcberwachungskameras | Alarmanlage | Licht-\/Rolladensteuerung<\/li>\n<li style=\"text-align: left\">Aktivieren per Taster | Bedienpanel |Sprachbefehl | Fernbedienung | App | Automatisch bei Detektion von l\u00e4ngerer Abwesenheit<\/li>\n<li style=\"text-align: left\">Komfort: Ein sicheres Gef\u00fchl w\u00e4hrend Ihrer Abwesenheit<\/li>\n<li style=\"text-align: left\">Sicherheit: Ihr Geb\u00e4ude stets im Blick \u00fcber Kameras und Statusinformationen von Fenstern, Energieverbr\u00e4uchen, etc. | Ausl\u00f6sen der Alarmanlage durch unerwartete \u00d6ffnung der Fenster bzw. Au\u00dfent\u00fcren | Abschrecken von Einbrechern durch die Simulation von Anwesenheit &#8211; zuf\u00e4lliges Ein-\/Ausschalten von einzelnen Leuchten und Auf-\/Abfahren der Beschattung<\/li>\n<\/ul>\n\t\t\t\t\t<\/div>\n\t\t\t\t\t\t\t\t<\/div>\n\t\t\t\t\t\t\t\t<\/li>\n\n\t\t\t<li\n\t\t\tclass=\"sow-features-feature sow-icon-container-position-top\"\n\t\t\tstyle=\"display: flex; flex-direction: column; width: calc(33.333% - 25px);\"\n\t\t>\n\t\t\t\n\t\t\t\t\t\t<div\t\t\t\tclass=\"sow-icon-container sow-container-none\"\n\t\t\t\tstyle=\"color: ; \"\n\t\t\t\t\n\t\t\t\t\t\t\t>\n\t\t\t\t\t\t\t\t\t\t<div class=\"sow-icon-image\" style=\"background-image: url(http:\/\/igt-sl.de\/wp-content\/uploads\/2024\/04\/icon-Audio-1.png); font-size: 48px\"><\/div>\n\t\t\t\t\t\t\t\t\t<\/div>\n\n\t\t\t<div class=\"textwidget\">\n\t\t\t\t\n\t\t\t\t\t\t\t\t\t<h5 class=\"sow-features-feature-title\">\n\t\t\t\t\t\tMusik-Steuerung\t\t\t\t\t<\/h5>\n\t\t\t\t\n\t\t\t\t\t\t\t\t\t<div class=\"sow-features-feature-text\">\n\t\t\t\t\t<ul>\n<li style=\"text-align: left\">Streaming | Zentrale Steuerung<\/li>\n<li style=\"text-align: left\">Steuerung per Pr\u00e4senzmelder | Taster | Bedienpanel |Sprachbefehl | Fernbedienung | App | Automatisch in Abh\u00e4ngigkeit von Abwesenheit | Musikrichtung in Abh\u00e4ngigkeit von den anwesenden Personen<\/li>\n<li style=\"text-align: left\">Komfort: Ab sofort bedienen Sie Ihre Musikanlage parallel zu anderen Funktionen Ihres Smart Homes &#8211; kein Wechsel zwischen Apps ist notwendig<\/li>\n<li style=\"text-align: left\">Effizienz: Reduzierung der Energiekosten durch automatisches Ein- und Ausschalten der Musik in Abh\u00e4ngigkeit von Anwesenheit<\/li>\n<li style=\"text-align: left\">Sicherheit: Verwendung der Audio-Installation als Alarmanlage m\u00f6glich<\/li>\n<\/ul>\n\t\t\t\t\t<\/div>\n\t\t\t\t\t\t\t\t<\/div>\n\t\t\t\t\t\t\t\t<\/li>\n\n\t<\/ul>\n<\/div><\/div><\/div><\/div><\/div><\/div>","protected":false},"excerpt":{"rendered":"","protected":false},"author":1,"featured_media":0,"parent":0,"menu_order":0,"comment_status":"closed","ping_status":"closed","template":"","meta":{"footnotes":""},"class_list":["post-692","page","type-page","status-publish","hentry"],"aioseo_notices":[],"_links":{"self":[{"href":"http:\/\/igt-sl.de\/index.php?rest_route=\/wp\/v2\/pages\/692","targetHints":{"allow":["GET"]}}],"collection":[{"href":"http:\/\/igt-sl.de\/index.php?rest_route=\/wp\/v2\/pages"}],"about":[{"href":"http:\/\/igt-sl.de\/index.php?rest_route=\/wp\/v2\/types\/page"}],"author":[{"embeddable":true,"href":"http:\/\/igt-sl.de\/index.php?rest_route=\/wp\/v2\/users\/1"}],"replies":[{"embeddable":true,"href":"http:\/\/igt-sl.de\/index.php?rest_route=%2Fwp%2Fv2%2Fcomments&post=692"}],"version-history":[{"count":3,"href":"http:\/\/igt-sl.de\/index.php?rest_route=\/wp\/v2\/pages\/692\/revisions"}],"predecessor-version":[{"id":710,"href":"http:\/\/igt-sl.de\/index.php?rest_route=\/wp\/v2\/pages\/692\/revisions\/710"}],"wp:attachment":[{"href":"http:\/\/igt-sl.de\/index.php?rest_route=%2Fwp%2Fv2%2Fmedia&parent=692"}],"curies":[{"name":"wp","href":"https:\/\/api.w.org\/{rel}","templated":true}]}}