{"id":405,"date":"2023-11-04T21:22:32","date_gmt":"2023-11-04T21:22:32","guid":{"rendered":"https:\/\/home.igt-sl.de\/?page_id=405"},"modified":"2024-04-29T07:53:41","modified_gmt":"2024-04-29T07:53:41","slug":"das-igt-kindergarten-paket","status":"publish","type":"page","link":"http:\/\/igt-sl.de\/?page_id=405","title":{"rendered":"Das Smart Institution Paket im Detail"},"content":{"rendered":"<div id=\"pl-gb405-69f1bd742b654\"  class=\"panel-layout\" ><div id=\"pg-gb405-69f1bd742b654-0\"  class=\"panel-grid panel-no-style\" ><div id=\"pgc-gb405-69f1bd742b654-0-0\"  class=\"panel-grid-cell\" ><div id=\"panel-gb405-69f1bd742b654-0-0-0\" class=\"so-panel widget widget_media_image panel-first-child panel-last-child\" data-index=\"0\" ><img fetchpriority=\"high\" decoding=\"async\" width=\"300\" height=\"300\" src=\"http:\/\/igt-sl.de\/wp-content\/uploads\/2024\/04\/Schule-quadrat-300x300.png\" class=\"image wp-image-627  attachment-medium size-medium\" alt=\"\" style=\"max-width: 100%; height: auto;\" srcset=\"http:\/\/igt-sl.de\/wp-content\/uploads\/2024\/04\/Schule-quadrat-300x300.png 300w, http:\/\/igt-sl.de\/wp-content\/uploads\/2024\/04\/Schule-quadrat-150x150.png 150w, http:\/\/igt-sl.de\/wp-content\/uploads\/2024\/04\/Schule-quadrat.png 427w\" sizes=\"(max-width: 300px) 100vw, 300px\" \/><\/div><\/div><div id=\"pgc-gb405-69f1bd742b654-0-1\"  class=\"panel-grid-cell\" ><div id=\"panel-gb405-69f1bd742b654-0-1-0\" class=\"so-panel widget widget_block panel-first-child panel-last-child\" data-index=\"1\" ><b> <font size=\"5em\">Die Bedienung des Lichts, der Heizung, der L\u00fcftung und der Verschattung der Bildungseinrichtung muss maximal intuitiv und kindersicher sein. Durch Effizienzsteigerungen lassen sich die monatlichen Energiekosten stark reduzieren.<\/font><\/b><\/div><\/div><\/div><div id=\"pg-gb405-69f1bd742b654-1\"  class=\"panel-grid panel-no-style\" ><div id=\"pgc-gb405-69f1bd742b654-1-0\"  class=\"panel-grid-cell\" ><div id=\"panel-gb405-69f1bd742b654-1-0-0\" class=\"so-panel widget widget_block panel-first-child panel-last-child\" data-index=\"2\" ><br><b><font size=\"4em\">Komfort<\/font><\/b><br><font size=\"3em\">Das Lehr- bzw. Kindergarten-Personal hat durchgehend alle H\u00e4nde voll zu tun. Durch eine weitgehend automatisierte Steuerung der Beleuchtung, Heizung, Beschattung und L\u00fcftung bleibt mehr Zeit f\u00fcr die Lehre bzw. Kinderbetreuung. Manuelle Einstellungen m\u00fcssen sehr intuitiv und einfach von der Hand gehen.<\/font><\/div><\/div><div id=\"pgc-gb405-69f1bd742b654-1-1\"  class=\"panel-grid-cell\" ><div id=\"panel-gb405-69f1bd742b654-1-1-0\" class=\"so-panel widget widget_block panel-first-child panel-last-child\" data-index=\"3\" ><br> <b><font size=\"4em\">Effizienz<\/font><\/b> <br><font size=\"3em\">Mit den steigenden Energiekosten steigt die finanzielle Belastung f\u00fcr \u00f6ffentliche Einrichtungen. Idealerweise soll stets frische Luft und angenehme W\u00e4rme herrschen &#8211; eine intelligente Steuerung nimmt viele manuelle Eingriffe per Automatisierung ab: Heizungssteuerung in Abh\u00e4ngigkeit von Anwesenheit, Au\u00dfentemperatur, ge\u00f6ffneten Fenstern \/ Automatische Beschattung an hei\u00dfen Tagen \/ Gedimmtes Licht \/ etc. <\/font><\/div><\/div><div id=\"pgc-gb405-69f1bd742b654-1-2\"  class=\"panel-grid-cell\" ><div id=\"panel-gb405-69f1bd742b654-1-2-0\" class=\"so-panel widget widget_block panel-first-child panel-last-child\" data-index=\"4\" ><br> <b><font size=\"4em\">Sicherheit<\/font><\/b> <br> <font size=\"3em\">Das Geb\u00e4ude muss gegen \u00e4u\u00dfere und innere Einfl\u00fcsse gesch\u00fctzt werden.<br>\n<b>\u00c4u\u00dfere Einfl\u00fcsse:<\/b> <br> Unwetter: Starker Sturm und Hagel kann das Geb\u00e4ude besch\u00e4digen &#8211; Jalousien fahren automatisiert hoch und das Personal bekommt eine Benachrichtigung \u00fcber offen stehende (Dach-)Fenster\n<br><b>Innere Gefahren:<\/b> <br>Wasserschaden &#8211; Wassermelder schlagen Alarm sobald die Waschmaschine ein Leck aufweist <br> <\/font>\n<\/div><\/div><\/div><div id=\"pg-gb405-69f1bd742b654-2\"  class=\"panel-grid panel-no-style\" ><div id=\"pgc-gb405-69f1bd742b654-2-0\"  class=\"panel-grid-cell\" ><div id=\"panel-gb405-69f1bd742b654-2-0-0\" class=\"so-panel widget widget_block panel-first-child panel-last-child\" data-index=\"5\" >        <\/div><\/div><\/div><div id=\"pg-gb405-69f1bd742b654-3\"  class=\"panel-grid panel-no-style\" ><div id=\"pgc-gb405-69f1bd742b654-3-0\"  class=\"panel-grid-cell\" ><div id=\"panel-gb405-69f1bd742b654-3-0-0\" class=\"so-panel widget widget_block panel-first-child panel-last-child\" data-index=\"6\" ><div class=\"panel-widget-style panel-widget-style-for-gb405-69f1bd742b654-3-0-0\" ><b><font size=\"5em\"><center> Wie wird Komfort, Effizienz und Sicherheit erreicht &#8211; ganz konkret: <\/font><\/b><\/div><\/div><\/div><\/div><\/div>\n\n<div id=\"pl-gb405-69f1bd742ca8e\"  class=\"panel-layout\" ><div id=\"pg-gb405-69f1bd742ca8e-0\"  class=\"panel-grid panel-has-style\" ><div class=\"siteorigin-panels-stretch panel-row-style panel-row-style-for-gb405-69f1bd742ca8e-0\" data-stretch-type=\"full\" ><div id=\"pgc-gb405-69f1bd742ca8e-0-0\"  class=\"panel-grid-cell\" ><div id=\"panel-gb405-69f1bd742ca8e-0-0-0\" class=\"so-panel widget widget_sow-features panel-first-child panel-last-child\" data-index=\"0\" ><div\n\t\t\t\n\t\t\tclass=\"so-widget-sow-features so-widget-sow-features-default-b0acfe4b9eee-405\"\n\t\t\t\n\t\t><ul\n\tclass=\"sow-features-list\n\tsow-features-responsive\">\n\n\t\t\t<li\n\t\t\tclass=\"sow-features-feature sow-icon-container-position-top\"\n\t\t\tstyle=\"display: flex; flex-direction: column; width: calc(33.333% - 25px);\"\n\t\t>\n\t\t\t\n\t\t\t\t\t\t<div\t\t\t\tclass=\"sow-icon-container sow-container-none\"\n\t\t\t\tstyle=\"color: #404040; \"\n\t\t\t\t\n\t\t\t\t\t\t\t>\n\t\t\t\t\t\t\t\t\t\t<div class=\"sow-icon-image\" style=\"background-image: url(http:\/\/igt-sl.de\/wp-content\/uploads\/2024\/04\/icon-Panel.png); font-size: 48px\"><\/div>\n\t\t\t\t\t\t\t\t\t<\/div>\n\n\t\t\t<div class=\"textwidget\">\n\t\t\t\t\n\t\t\t\t\t\t\t\t\t<h5 class=\"sow-features-feature-title\">\n\t\t\t\t\t\tStatus\t\t\t\t\t<\/h5>\n\t\t\t\t\n\t\t\t\t\t\t\t\t\t<div class=\"sow-features-feature-text\">\n\t\t\t\t\t<p style=\"text-align: left\">Aus der Ferne per App alles im Blick:<\/p>\n<ul>\n<li style=\"text-align: left\">Status der Leuchten<\/li>\n<li style=\"text-align: left\">Status der Jalousien \/ Rolladen<\/li>\n<li style=\"text-align: left\">Status der Fenster\/T\u00fcren &#8211; ge\u00f6ffnet ja\/nein<\/li>\n<li style=\"text-align: left\">Status der Heizung<\/li>\n<li style=\"text-align: left\">Status der Raumtemperatur<\/li>\n<li style=\"text-align: left\">Status weiterer elektrischer Abnehmer wie Fernseher oder Wallbox<\/li>\n<\/ul>\n\t\t\t\t\t<\/div>\n\t\t\t\t\t\t\t\t<\/div>\n\t\t\t\t\t\t\t\t<\/li>\n\n\t\t\t<li\n\t\t\tclass=\"sow-features-feature sow-icon-container-position-top\"\n\t\t\tstyle=\"display: flex; flex-direction: column; width: calc(33.333% - 25px);\"\n\t\t>\n\t\t\t\n\t\t\t\t\t\t<div\t\t\t\tclass=\"sow-icon-container sow-container-none\"\n\t\t\t\tstyle=\"color: ; \"\n\t\t\t\t\n\t\t\t\t\t\t\t>\n\t\t\t\t\t\t\t\t\t\t<div class=\"sow-icon-image\" style=\"background-image: url(http:\/\/igt-sl.de\/wp-content\/uploads\/2024\/04\/Icon-Rollladen.png); font-size: 48px\"><\/div>\n\t\t\t\t\t\t\t\t\t<\/div>\n\n\t\t\t<div class=\"textwidget\">\n\t\t\t\t\n\t\t\t\t\t\t\t\t\t<h5 class=\"sow-features-feature-title\">\n\t\t\t\t\t\tVerschattung\t\t\t\t\t<\/h5>\n\t\t\t\t\n\t\t\t\t\t\t\t\t\t<div class=\"sow-features-feature-text\">\n\t\t\t\t\t<ul>\n<li style=\"text-align: left\">Rolladen-\/Jalousie- und Markisensteuerung<\/li>\n<li style=\"text-align: left\">Steuerung per Taster | Sprachbefehl | Fernbedienung | App | Automatisch in Abh\u00e4ngigkeit von Wetter, Uhrzeit, Fensterzustand, etc.<\/li>\n<li style=\"text-align: left\">Komfort: Abdunkelung, W\u00e4rme-\/K\u00e4lteisolierung<\/li>\n<li style=\"text-align: left\">Effizienz: Reduzierung der Heiz- und K\u00fchlungskosten<\/li>\n<li style=\"text-align: left\">Sicherheit: Sichtschutz, Einbruchschutz<\/li>\n<\/ul>\n\t\t\t\t\t<\/div>\n\t\t\t\t\t\t\t\t<\/div>\n\t\t\t\t\t\t\t\t<\/li>\n\n\t\t\t<li\n\t\t\tclass=\"sow-features-feature sow-icon-container-position-top\"\n\t\t\tstyle=\"display: flex; flex-direction: column; width: calc(33.333% - 25px);\"\n\t\t>\n\t\t\t\n\t\t\t\t\t\t<div\t\t\t\tclass=\"sow-icon-container sow-container-none\"\n\t\t\t\tstyle=\"color: ; \"\n\t\t\t\t\n\t\t\t\t\t\t\t>\n\t\t\t\t\t\t\t\t\t\t<div class=\"sow-icon-image\" style=\"background-image: url(http:\/\/igt-sl.de\/wp-content\/uploads\/2024\/04\/Icon-Licht.png); font-size: 48px\"><\/div>\n\t\t\t\t\t\t\t\t\t<\/div>\n\n\t\t\t<div class=\"textwidget\">\n\t\t\t\t\n\t\t\t\t\t\t\t\t\t<h5 class=\"sow-features-feature-title\">\n\t\t\t\t\t\tLicht\t\t\t\t\t<\/h5>\n\t\t\t\t\n\t\t\t\t\t\t\t\t\t<div class=\"sow-features-feature-text\">\n\t\t\t\t\t<ul>\n<li style=\"text-align: left\">Lichtsteuerung<\/li>\n<li style=\"text-align: left\">Steuerung per Pr\u00e4senzmelder | Taster | Sprachbefehl | Fernbedienung | App | Automatisch in Abh\u00e4ngigkeit von Helligkeit, Uhrzeit, etc.<\/li>\n<li style=\"text-align: left\">Komfort: Tageszeitabh\u00e4ngiges Dimmen, Anpassen der Farbtemperatur (Human Centric Lighting), Farbiges Licht f\u00fcr besondere Stimmungen<\/li>\n<li style=\"text-align: left\">Effizienz: Reduzierung der Energiekosten durch Pr\u00e4senzmelder-Steuerung und Dimmen<\/li>\n<li style=\"text-align: left\">Sicherheit: Automatisierte Lichtsteuerung bei Abwesenheit (Anwesenheitssimulation)<\/li>\n<\/ul>\n\t\t\t\t\t<\/div>\n\t\t\t\t\t\t\t\t<\/div>\n\t\t\t\t\t\t\t\t<\/li>\n\n\t\t\t<li\n\t\t\tclass=\"sow-features-feature sow-icon-container-position-top\"\n\t\t\tstyle=\"display: flex; flex-direction: column; width: calc(33.333% - 25px);\"\n\t\t>\n\t\t\t\n\t\t\t\t\t\t<div\t\t\t\tclass=\"sow-icon-container sow-container-none\"\n\t\t\t\tstyle=\"color: ; \"\n\t\t\t\t\n\t\t\t\t\t\t\t>\n\t\t\t\t\t\t\t\t\t\t<div class=\"sow-icon-image\" style=\"background-image: url(http:\/\/igt-sl.de\/wp-content\/uploads\/2024\/04\/Icon-Heizung.png); font-size: 48px\"><\/div>\n\t\t\t\t\t\t\t\t\t<\/div>\n\n\t\t\t<div class=\"textwidget\">\n\t\t\t\t\n\t\t\t\t\t\t\t\t\t<h5 class=\"sow-features-feature-title\">\n\t\t\t\t\t\tHeizung\t\t\t\t\t<\/h5>\n\t\t\t\t\n\t\t\t\t\t\t\t\t\t<div class=\"sow-features-feature-text\">\n\t\t\t\t\t<ul>\n<li style=\"text-align: left\">Fu\u00dfbodenheizung | Infrarot | Heizk\u00f6rper<\/li>\n<li style=\"text-align: left\">Steuerung per Pr\u00e4senzmelder | Taster | Bedienpanel |Sprachbefehl | Fernbedienung | App | Automatisch in Abh\u00e4ngigkeit von Wochentag, Uhrzeit, Sonneneinstrahlung, etc.<\/li>\n<li style=\"text-align: left\">Komfort: Automatisches Halten der Wohlf\u00fchltemperatur<\/li>\n<li style=\"text-align: left\">Effizienz: Reduzierung der Energiekosten durch pr\u00e4senzabh\u00e4ngiges Heizen und tageszeit- \/ wochentagsabh\u00e4ngiges Absenken der Heizleistung, Absenken der Heizleistung bei offen stehenden Fenstern<\/li>\n<\/ul>\n\t\t\t\t\t<\/div>\n\t\t\t\t\t\t\t\t<\/div>\n\t\t\t\t\t\t\t\t<\/li>\n\n\t\t\t<li\n\t\t\tclass=\"sow-features-feature sow-icon-container-position-top\"\n\t\t\tstyle=\"display: flex; flex-direction: column; width: calc(33.333% - 25px);\"\n\t\t>\n\t\t\t\n\t\t\t\t\t\t<div\t\t\t\tclass=\"sow-icon-container sow-container-none\"\n\t\t\t\tstyle=\"color: ; \"\n\t\t\t\t\n\t\t\t\t\t\t\t>\n\t\t\t\t\t\t\t\t\t\t<div class=\"sow-icon-image\" style=\"background-image: url(http:\/\/igt-sl.de\/wp-content\/uploads\/2024\/04\/icon-klima.png); font-size: 48px\"><\/div>\n\t\t\t\t\t\t\t\t\t<\/div>\n\n\t\t\t<div class=\"textwidget\">\n\t\t\t\t\n\t\t\t\t\t\t\t\t\t<h5 class=\"sow-features-feature-title\">\n\t\t\t\t\t\tL\u00fcftung \/ Klima\t\t\t\t\t<\/h5>\n\t\t\t\t\n\t\t\t\t\t\t\t\t\t<div class=\"sow-features-feature-text\">\n\t\t\t\t\t<ul>\n<li style=\"text-align: left\">Zentrale und dezentrale Bel\u00fcftung bzw. Klimatisierung<\/li>\n<li style=\"text-align: left\">Steuerung per Pr\u00e4senzmelder | Taster | Bedienpanel |Sprachbefehl | Fernbedienung | App | Automatisch in Abh\u00e4ngigkeit von CO2-Gehalt in der Luft, Temperatur, etc.<\/li>\n<li style=\"text-align: left\">Komfort: Automatisches Halten einer guten Luftqualit\u00e4t und Temperatur<\/li>\n<li style=\"text-align: left\">Effizienz: Reduzierung der Energiekosten durch pr\u00e4senzabh\u00e4ngiges Klimatisieren | Weniger Fenster\u00f6ffnungen = weniger W\u00e4rmeverlust<\/li>\n<\/ul>\n\t\t\t\t\t<\/div>\n\t\t\t\t\t\t\t\t<\/div>\n\t\t\t\t\t\t\t\t<\/li>\n\n\t\t\t<li\n\t\t\tclass=\"sow-features-feature sow-icon-container-position-top\"\n\t\t\tstyle=\"display: flex; flex-direction: column; width: calc(33.333% - 25px);\"\n\t\t>\n\t\t\t\n\t\t\t\t\t\t<div\t\t\t\tclass=\"sow-icon-container sow-container-none\"\n\t\t\t\tstyle=\"color: ; \"\n\t\t\t\t\n\t\t\t\t\t\t\t>\n\t\t\t\t\t\t\t\t\t\t<div class=\"sow-icon-image\" style=\"background-image: url(http:\/\/igt-sl.de\/wp-content\/uploads\/2024\/04\/icon-Camera.png); font-size: 48px\"><\/div>\n\t\t\t\t\t\t\t\t\t<\/div>\n\n\t\t\t<div class=\"textwidget\">\n\t\t\t\t\n\t\t\t\t\t\t\t\t\t<h5 class=\"sow-features-feature-title\">\n\t\t\t\t\t\tAlarm | Anwesenheitssimulation\t\t\t\t\t<\/h5>\n\t\t\t\t\n\t\t\t\t\t\t\t\t\t<div class=\"sow-features-feature-text\">\n\t\t\t\t\t<ul>\n<li style=\"text-align: left\">\u00dcberwachungskameras | Alarmanlage | Licht-\/Rolladensteuerung<\/li>\n<li style=\"text-align: left\">Aktivieren per Taster | Bedienpanel |Sprachbefehl | Fernbedienung | App | Automatisch bei Detektion von l\u00e4ngerer Abwesenheit<\/li>\n<li style=\"text-align: left\">Komfort: Ein sicheres Gef\u00fchl w\u00e4hrend Abwesenheit, z.B. w\u00e4hrend Ferien<\/li>\n<li style=\"text-align: left\">Sicherheit: Ihr Geb\u00e4ude stets im Blick \u00fcber Kameras und Statusinformationen von Fenstern, Energieverbr\u00e4uchen, etc. | Ausl\u00f6sen der Alarmanlage durch unerwartete \u00d6ffnung der Fenster bzw. Au\u00dfent\u00fcren | Abschrecken von Einbrechern durch die Simulation von Anwesenheit &#8211; zuf\u00e4lliges Ein-\/Ausschalten von einzelnen Leuchten und Auf-\/Abfahren der Beschattung<\/li>\n<\/ul>\n\t\t\t\t\t<\/div>\n\t\t\t\t\t\t\t\t<\/div>\n\t\t\t\t\t\t\t\t<\/li>\n\n\t<\/ul>\n<\/div><\/div><\/div><\/div><\/div><\/div>","protected":false},"excerpt":{"rendered":"","protected":false},"author":1,"featured_media":0,"parent":0,"menu_order":0,"comment_status":"closed","ping_status":"closed","template":"","meta":{"footnotes":""},"class_list":["post-405","page","type-page","status-publish","hentry"],"aioseo_notices":[],"_links":{"self":[{"href":"http:\/\/igt-sl.de\/index.php?rest_route=\/wp\/v2\/pages\/405","targetHints":{"allow":["GET"]}}],"collection":[{"href":"http:\/\/igt-sl.de\/index.php?rest_route=\/wp\/v2\/pages"}],"about":[{"href":"http:\/\/igt-sl.de\/index.php?rest_route=\/wp\/v2\/types\/page"}],"author":[{"embeddable":true,"href":"http:\/\/igt-sl.de\/index.php?rest_route=\/wp\/v2\/users\/1"}],"replies":[{"embeddable":true,"href":"http:\/\/igt-sl.de\/index.php?rest_route=%2Fwp%2Fv2%2Fcomments&post=405"}],"version-history":[{"count":16,"href":"http:\/\/igt-sl.de\/index.php?rest_route=\/wp\/v2\/pages\/405\/revisions"}],"predecessor-version":[{"id":679,"href":"http:\/\/igt-sl.de\/index.php?rest_route=\/wp\/v2\/pages\/405\/revisions\/679"}],"wp:attachment":[{"href":"http:\/\/igt-sl.de\/index.php?rest_route=%2Fwp%2Fv2%2Fmedia&parent=405"}],"curies":[{"name":"wp","href":"https:\/\/api.w.org\/{rel}","templated":true}]}}